{"id":131,"date":"2015-04-30T19:03:49","date_gmt":"2015-04-30T19:03:49","guid":{"rendered":"http:\/\/vereinigte-hilfen-stuttgart.de\/?page_id=131"},"modified":"2018-05-24T20:23:49","modified_gmt":"2018-05-24T18:23:49","slug":"mitgliedschaft","status":"publish","type":"page","link":"https:\/\/vereinigte-hilfen-stuttgart.de\/?page_id=131","title":{"rendered":"Mitgliedschaft"},"content":{"rendered":"<p><span style=\"font-size: medium;\"><b>Handeln hei\u00dft die Devise<br \/>\n<\/b><\/span>Vereinigte Hilfen Stuttgart &#8211; WIR\u00a0F\u00dcR\u00a0EUCH e.V. hat sich zum Ziel gesetzt, den Schwachen zur Seite zu stehen. Unb\u00fcrokratisch, schnell, gezielt.\u00a0WIR\u00a0F\u00dcR\u00a0EUCH hei\u00dft, dass wir f\u00fcr alle Lebenslagen Rat wissen, Betreuung organisieren und eng mit den traditionellen Hilfsdiensten zusammenarbeiten.\u00a0WIR\u00a0F\u00dcR\u00a0EUCH hei\u00dft, wir bieten Menschen jeden Alters ein Bet\u00e4tigungsfeld, z.B. als Gesellschafter oder Gesellschafterin f\u00fcr Gleichaltrige, als Oma oder Opa &#8222;auf Zeit&#8220; f\u00fcr Kinder berufst\u00e4tiger Eltern oder als St\u00fctze f\u00fcr Alleinerziehende.\u00a0WIR\u00a0F\u00dcR\u00a0EUCH\u00a0hei\u00dft Rat holen von Fachkapazit\u00e4ten, von \u00c4rzten, Pflegern, Sozialarbeitern, Juristen oder auch von Seelsorgern.<\/p>\n<p><span style=\"font-size: medium;\"><b>Helfen durch Mitgliedschaft<br \/>\n<\/b><\/span>WIR\u00a0F\u00dcR\u00a0EUCH finanziert sich allein aus Mitgliedsbeitr\u00e4gen und Spenden.\u00a0F\u00fcr nur \u20ac 20,00 im Jahr k\u00f6nnen Sie bei uns Mitglied werden. Mit diesen \u20ac 20,00 helfen Sie heute anderen und morgen vielleicht schon sich selbst.\u00a0Jede Spende ist willkommen; wir sind ein anerkannt gemeinn\u00fctziger Verein, deshalb sind Ihre Spenden auch steuerlich absetzbar.\u00a0Eine Spendenbescheinigung erhalten Sie ab einem Betrag von \u20ac 200,00. Bei Betr\u00e4gen bis \u20ac 200,00 gilt Ihr \u00dcberweisungsbeleg mit Bankbest\u00e4tigung als Spendenbescheinigung.\u00a0Unsere Beratungen und Vermittlungen sind kostenlos; erforderliche Hilfsdienste werden direkt von den vermittelten Personen in Rechnung gestellt.<\/p>\n<p style=\"text-align: center;\"><strong>Vereinigte Hilfen &#8211; Stuttgart WIR\u00a0F\u00dcR\u00a0EUCH e.V.<\/strong><br \/>\n<strong> ist unabh\u00e4ngig (parteilich, staatlich und konfessionell)\u00a0<\/strong><\/p>\n<div align=\"center\">\n<p style=\"text-align: left;\"><b><a href=\"https:\/\/vereinigte-hilfen-stuttgart.de\/wp-content\/uploads\/2018\/05\/Vereinigte-Hilfen-Stuttgart-Beitrittsformular-2018-1.docx\">Vereinigte-Hilfen-Stuttgart-Beitrittsformular-2018-1<\/a>\u00a0als Word-Datei \u00a0 \u00a0 \u00a0 \u00a0 \u00a0\u00a0<a href=\"https:\/\/vereinigte-hilfen-stuttgart.de\/wp-content\/uploads\/2018\/05\/Vereinigte-Hilfen-Stuttgart-Beitrittsformular-2018-1.pdf\">Vereinigte-Hilfen-Stuttgart-Beitrittsformular-2018-1<\/a>\u00a0als pdf<\/b><\/p>\n<p>&nbsp;<\/p>\n<\/div>\n<div align=\"left\">\n<p>Vereinigte Hilfen &#8211; Stuttgart<br \/>\nWIR\u00a0F\u00dcR\u00a0EUCH e.V.<br \/>\nBirkenwaldstr. 140<br \/>\n70191 Stuttgart<br \/>\nTelefon: 0711 \/ 81 88 85 und 0711 \/ 85 42 46<br \/>\nTelefax: 0711 \/ 85 42 47<\/p>\n<p>info@vereinigte-hilfen-stuttgart.de<br \/>\nwww.vereinigte-hilfen-stuttgart.de<\/p>\n<\/div>\n","protected":false},"excerpt":{"rendered":"<p>Handeln hei\u00dft die Devise Vereinigte Hilfen Stuttgart &#8211; WIR\u00a0F\u00dcR\u00a0EUCH e.V. hat sich zum Ziel gesetzt, den Schwachen zur Seite zu stehen. Unb\u00fcrokratisch, schnell, gezielt.\u00a0WIR\u00a0F\u00dcR\u00a0EUCH hei\u00dft, dass wir f\u00fcr alle Lebenslagen Rat wissen, Betreuung organisieren und eng mit den traditionellen Hilfsdiensten zusammenarbeiten.\u00a0WIR\u00a0F\u00dcR\u00a0EUCH hei\u00dft, wir bieten Menschen jeden Alters ein Bet\u00e4tigungsfeld, z.B. als Gesellschafter oder Gesellschafterin f\u00fcr &#8230; <a title=\"Mitgliedschaft\" class=\"read-more\" href=\"https:\/\/vereinigte-hilfen-stuttgart.de\/?page_id=131\" aria-label=\"Mehr Informationen \u00fcber Mitgliedschaft\">Weiterlesen<\/a><\/p>\n","protected":false},"author":1,"featured_media":0,"parent":0,"menu_order":6,"comment_status":"closed","ping_status":"closed","template":"","meta":{"footnotes":""},"class_list":["post-131","page","type-page","status-publish"],"_links":{"self":[{"href":"https:\/\/vereinigte-hilfen-stuttgart.de\/index.php?rest_route=\/wp\/v2\/pages\/131","targetHints":{"allow":["GET"]}}],"collection":[{"href":"https:\/\/vereinigte-hilfen-stuttgart.de\/index.php?rest_route=\/wp\/v2\/pages"}],"about":[{"href":"https:\/\/vereinigte-hilfen-stuttgart.de\/index.php?rest_route=\/wp\/v2\/types\/page"}],"author":[{"embeddable":true,"href":"https:\/\/vereinigte-hilfen-stuttgart.de\/index.php?rest_route=\/wp\/v2\/users\/1"}],"replies":[{"embeddable":true,"href":"https:\/\/vereinigte-hilfen-stuttgart.de\/index.php?rest_route=%2Fwp%2Fv2%2Fcomments&post=131"}],"version-history":[{"count":20,"href":"https:\/\/vereinigte-hilfen-stuttgart.de\/index.php?rest_route=\/wp\/v2\/pages\/131\/revisions"}],"predecessor-version":[{"id":683,"href":"https:\/\/vereinigte-hilfen-stuttgart.de\/index.php?rest_route=\/wp\/v2\/pages\/131\/revisions\/683"}],"wp:attachment":[{"href":"https:\/\/vereinigte-hilfen-stuttgart.de\/index.php?rest_route=%2Fwp%2Fv2%2Fmedia&parent=131"}],"curies":[{"name":"wp","href":"https:\/\/api.w.org\/{rel}","templated":true}]}}