{"id":137,"date":"2015-04-30T19:13:31","date_gmt":"2015-04-30T19:13:31","guid":{"rendered":"http:\/\/vereinigte-hilfen-stuttgart.de\/?page_id=137"},"modified":"2025-04-13T10:06:50","modified_gmt":"2025-04-13T08:06:50","slug":"kontakt","status":"publish","type":"page","link":"https:\/\/vereinigte-hilfen-stuttgart.de\/?page_id=137","title":{"rendered":"Kontakt"},"content":{"rendered":"<p class=\"standardtext\" style=\"text-align: left;\">Sie erreichen uns zu den genannten B\u00fcrozeiten unter der Telefonnummer <strong>(0711) 818885<br \/><\/strong>oder per email unter <strong>info@vereinigte-hilfen-stuttgart.de<\/strong><\/p>\n<p><strong><span style=\"color: #ff0000;\">B\u00fcrozeiten 2025\u00a0 (Feiertage ausgenommen) : <\/span><\/strong><br \/><strong><span style=\"color: #ff0000;\">&#8211; 09:30 bis 13:30 Uhr Montag bis Freitag<\/span><\/strong><br \/><br \/><\/p>\n<p class=\"standardtext\" style=\"text-align: left;\">Auch f\u00fcr Ihre Meinung sind wir Ihnen dankbar und freuen uns \u00fcber jede<br \/>Zuschrift, jedes Fax, jede E-Mail oder jeden Anruf.<\/p>\n<p class=\"standardtext\" style=\"text-align: left;\">Vereinigte Hilfen Stuttgart<br \/><span style=\"line-height: 1.5;\">Wir f\u00fcr Euch e.V.<br \/><\/span>Birkenwaldstr. 140<br \/>70191 Stuttgart<br \/><strong>Tel: (07 11) 81 88 85<\/strong><br \/>Fax: (07 11) 85 42 47<br \/>B\u00fcrozeiten: <strong><span style=\"color: #ff0000;\">&#8211; 09:30 bis 13:30 Uhr Montag bis Freitag<\/span><\/strong><br \/><strong><span style=\"color: #ff0000;\">\u00a0 \u00a0 \u00a0 \u00a0\u00a0<br \/><\/span><\/strong>In unmittelbarer N\u00e4he befindet sich die Bushaltestelle \u201eObere M\u00f6nchhalde\u201c der Linie 44<span style=\"line-height: 1.5;\">.<\/span><\/p>\n<p class=\"standardtext\" style=\"text-align: left;\"><span class=\"ueberschrift3\">E-Mail direkt:\u00a0 <a href=\"mailto:info@vereinigte-hilfen-Stuttgart.de\">Info@vereinigte-hilfen-stuttgart.de<\/a><\/span><br \/><span class=\"ueberschrift3\">Internet: \u00a0<a href=\"http:\/\/www.vereinigte-hilfen.de\">www.vereinigte-hilfen.de<\/a><\/span><\/p>\n\n\n<p><\/p>\n","protected":false},"excerpt":{"rendered":"<p>Sie erreichen uns zu den genannten B\u00fcrozeiten unter der Telefonnummer (0711) 818885oder per email unter info@vereinigte-hilfen-stuttgart.de B\u00fcrozeiten 2025\u00a0 (Feiertage ausgenommen) : &#8211; 09:30 bis 13:30 Uhr Montag bis Freitag Auch f\u00fcr Ihre Meinung sind wir Ihnen dankbar und freuen uns \u00fcber jedeZuschrift, jedes Fax, jede E-Mail oder jeden Anruf. Vereinigte Hilfen StuttgartWir f\u00fcr Euch e.V.Birkenwaldstr. &#8230; <a title=\"Kontakt\" class=\"read-more\" href=\"https:\/\/vereinigte-hilfen-stuttgart.de\/?page_id=137\" aria-label=\"Mehr Informationen \u00fcber Kontakt\">Weiterlesen<\/a><\/p>\n","protected":false},"author":1,"featured_media":0,"parent":0,"menu_order":8,"comment_status":"closed","ping_status":"closed","template":"","meta":{"footnotes":""},"class_list":["post-137","page","type-page","status-publish"],"_links":{"self":[{"href":"https:\/\/vereinigte-hilfen-stuttgart.de\/index.php?rest_route=\/wp\/v2\/pages\/137","targetHints":{"allow":["GET"]}}],"collection":[{"href":"https:\/\/vereinigte-hilfen-stuttgart.de\/index.php?rest_route=\/wp\/v2\/pages"}],"about":[{"href":"https:\/\/vereinigte-hilfen-stuttgart.de\/index.php?rest_route=\/wp\/v2\/types\/page"}],"author":[{"embeddable":true,"href":"https:\/\/vereinigte-hilfen-stuttgart.de\/index.php?rest_route=\/wp\/v2\/users\/1"}],"replies":[{"embeddable":true,"href":"https:\/\/vereinigte-hilfen-stuttgart.de\/index.php?rest_route=%2Fwp%2Fv2%2Fcomments&post=137"}],"version-history":[{"count":35,"href":"https:\/\/vereinigte-hilfen-stuttgart.de\/index.php?rest_route=\/wp\/v2\/pages\/137\/revisions"}],"predecessor-version":[{"id":1008,"href":"https:\/\/vereinigte-hilfen-stuttgart.de\/index.php?rest_route=\/wp\/v2\/pages\/137\/revisions\/1008"}],"wp:attachment":[{"href":"https:\/\/vereinigte-hilfen-stuttgart.de\/index.php?rest_route=%2Fwp%2Fv2%2Fmedia&parent=137"}],"curies":[{"name":"wp","href":"https:\/\/api.w.org\/{rel}","templated":true}]}}