{"id":154,"date":"2015-05-01T13:20:55","date_gmt":"2015-05-01T13:20:55","guid":{"rendered":"http:\/\/vereinigte-hilfen-stuttgart.de\/?page_id=154"},"modified":"2026-01-02T14:23:02","modified_gmt":"2026-01-02T13:23:02","slug":"vorstandsmitglieder","status":"publish","type":"page","link":"https:\/\/vereinigte-hilfen-stuttgart.de\/?page_id=154","title":{"rendered":"Vorstandsmitglieder"},"content":{"rendered":"<p style=\"text-align: justify;\"><a href=\"https:\/\/vereinigte-hilfen-stuttgart.de\/wp-content\/uploads\/2015\/05\/wagner.s2011.jpg\"><img loading=\"lazy\" decoding=\"async\" class=\"alignnone wp-image-161\" src=\"https:\/\/vereinigte-hilfen-stuttgart.de\/wp-content\/uploads\/2015\/05\/wagner.s2011-217x300.jpg\" alt=\"wagner.s2011\" width=\"111\" height=\"153\" srcset=\"https:\/\/vereinigte-hilfen-stuttgart.de\/wp-content\/uploads\/2015\/05\/wagner.s2011-217x300.jpg 217w, https:\/\/vereinigte-hilfen-stuttgart.de\/wp-content\/uploads\/2015\/05\/wagner.s2011.jpg 260w\" sizes=\"auto, (max-width: 111px) 100vw, 111px\" \/><\/a><br \/>Ulrike Wagner<br \/>1. Vorsitzende<\/p>\n<hr \/>\n<p style=\"text-align: justify;\"><img loading=\"lazy\" decoding=\"async\" class=\"alignnone wp-image-156 size-full\" src=\"https:\/\/vereinigte-hilfen-stuttgart.de\/wp-content\/uploads\/2015\/05\/vorstand_kraemer08.jpg\" alt=\"vorstand_kraemer08\" width=\"120\" height=\"150\" \/><br \/>Dr. G\u00fcnther Kr\u00e4mer<br \/>stv. Vorsitzender<\/p>\n<hr \/>\n<p style=\"text-align: justify;\"><img decoding=\"async\" src=\"https:\/\/vereinigte-hilfen-stuttgart.de\/wp-content\/uploads\/2017\/07\/Sandra-Schiller-1-e1499413565222.jpg\" \/><br \/>Sandra Schiller<br \/>Schriftf\u00fchrerin<\/p>\n<p style=\"text-align: justify;\">\u00a0<\/p>\n<p style=\"text-align: justify;\"><a href=\"https:\/\/vereinigte-hilfen-stuttgart.de\/wp-content\/uploads\/2015\/05\/vorstand_wagner.a.jpg\"><img loading=\"lazy\" decoding=\"async\" class=\"alignnone size-full wp-image-159\" src=\"https:\/\/vereinigte-hilfen-stuttgart.de\/wp-content\/uploads\/2015\/05\/vorstand_wagner.a.jpg\" alt=\"vorstand_wagner.a\" width=\"120\" height=\"150\" \/><span style=\"color: #000000;\"><br \/><\/span><\/a>Alexander Wagner<\/p>\n<p><img loading=\"lazy\" decoding=\"async\" class=\"\" src=\"https:\/\/vereinigte-hilfen-stuttgart.de\/wp-content\/uploads\/2015\/08\/Anny-Daiber3.jpg\" width=\"127\" height=\"148\" \/><br \/>Anny Daiber<\/p>\n<p><img decoding=\"async\" src=\"https:\/\/vereinigte-hilfen-stuttgart.de\/wp-content\/uploads\/2015\/05\/vorstand_kelsch.jpg\" \/><br \/>Rahel Kelsch<\/p>\n\n\n<p><\/p>\n\n\n\n<p><\/p>\n\n\n\n<p><\/p>\n","protected":false},"excerpt":{"rendered":"<p>Ulrike Wagner1. Vorsitzende Dr. G\u00fcnther Kr\u00e4merstv. Vorsitzender Sandra SchillerSchriftf\u00fchrerin \u00a0 Alexander Wagner Anny Daiber Rahel Kelsch<\/p>\n","protected":false},"author":1,"featured_media":0,"parent":76,"menu_order":5,"comment_status":"closed","ping_status":"closed","template":"","meta":{"footnotes":""},"class_list":["post-154","page","type-page","status-publish"],"_links":{"self":[{"href":"https:\/\/vereinigte-hilfen-stuttgart.de\/index.php?rest_route=\/wp\/v2\/pages\/154","targetHints":{"allow":["GET"]}}],"collection":[{"href":"https:\/\/vereinigte-hilfen-stuttgart.de\/index.php?rest_route=\/wp\/v2\/pages"}],"about":[{"href":"https:\/\/vereinigte-hilfen-stuttgart.de\/index.php?rest_route=\/wp\/v2\/types\/page"}],"author":[{"embeddable":true,"href":"https:\/\/vereinigte-hilfen-stuttgart.de\/index.php?rest_route=\/wp\/v2\/users\/1"}],"replies":[{"embeddable":true,"href":"https:\/\/vereinigte-hilfen-stuttgart.de\/index.php?rest_route=%2Fwp%2Fv2%2Fcomments&post=154"}],"version-history":[{"count":68,"href":"https:\/\/vereinigte-hilfen-stuttgart.de\/index.php?rest_route=\/wp\/v2\/pages\/154\/revisions"}],"predecessor-version":[{"id":1027,"href":"https:\/\/vereinigte-hilfen-stuttgart.de\/index.php?rest_route=\/wp\/v2\/pages\/154\/revisions\/1027"}],"up":[{"embeddable":true,"href":"https:\/\/vereinigte-hilfen-stuttgart.de\/index.php?rest_route=\/wp\/v2\/pages\/76"}],"wp:attachment":[{"href":"https:\/\/vereinigte-hilfen-stuttgart.de\/index.php?rest_route=%2Fwp%2Fv2%2Fmedia&parent=154"}],"curies":[{"name":"wp","href":"https:\/\/api.w.org\/{rel}","templated":true}]}}