{"id":216,"date":"2015-05-01T14:56:43","date_gmt":"2015-05-01T14:56:43","guid":{"rendered":"http:\/\/vereinigte-hilfen-stuttgart.de\/?page_id=216"},"modified":"2015-05-13T12:53:39","modified_gmt":"2015-05-13T12:53:39","slug":"schenkung","status":"publish","type":"page","link":"https:\/\/vereinigte-hilfen-stuttgart.de\/?page_id=216","title":{"rendered":"Schenkung"},"content":{"rendered":"<p>Selbstverst\u00e4ndlich ist es Ihre Sache, wem Sie was hinterlassen wollen, aber auch wann und wieviel. Sie k\u00f6nnen die Dinge fr\u00fchzeitig selbst in die Hand nehmen und zudem noch Steuern sparen.\u00a0Mit einem Verm\u00e4chtnis oder einer Schenkung zu Gunsten der Vereinigten Hilfen Stuttgart k\u00f6nnen Sie die Arbeit des Vereins unterst\u00fctzen und dadurch anderen Menschen Freude schenken und Lebenschancen weitergeben.\u00a0Au\u00dferdem k\u00f6nnen Sie Zustiftungen an die &#8222;Hildegard G\u00f6hrum-Stiftung&#8220; t\u00e4tigen, die auch f\u00fcr die Vereinigten Hilfen Stuttgart verwendet werden. \u00dcberweisungen bitte an die Kontonummer 2241599 bei der BW-Bank Stuttgart, BLZ 60050101.\u00a0Sprechen Sie uns an.<\/p>\n<p>Wenn Sie weitere Informationen w\u00fcnschen, k\u00f6nnen Sie sich an die Deutsche Vereinigung f\u00fcr Erbrecht und Verm\u00f6gensnachfolge e.V. (DVEV) wenden. Dies ist eine Vereinigung von Erbrecht-Experten.\u00a0In einem bundesweiten Netzwerk sind hier derzeit rund 1.600 Rechtsanw\u00e4lte, Steuerberater, Wirtschaftspr\u00fcfer und Notare zusammengeschlossen. Auf Anfrage vermittelt die DVEV interessierten B\u00fcrgern kompetente Berater vor Ort.<\/p>\n<p><span class=\"ueberschrift3\">Adresse:<\/span><br \/>\nDVEV &#8211; Deutsche Vereinigung f\u00fcr Erbrecht und Verm\u00f6gensnachfolge e.V.<br \/>\nHauptstra\u00dfe 18<br \/>\n74918 Angelbachtal\/Heidelberg<br \/>\nTelefon: (0 72 65) 91 34-14<br \/>\nTelefax: (0 72 65) 91 34-34<br \/>\nE-Mail: <a href=\"mailto:dvev@erbrecht.de\">dvev@erbrecht.d<\/a>e<\/p>\n","protected":false},"excerpt":{"rendered":"<p>Selbstverst\u00e4ndlich ist es Ihre Sache, wem Sie was hinterlassen wollen, aber auch wann und wieviel. Sie k\u00f6nnen die Dinge fr\u00fchzeitig selbst in die Hand nehmen und zudem noch Steuern sparen.\u00a0Mit einem Verm\u00e4chtnis oder einer Schenkung zu Gunsten der Vereinigten Hilfen Stuttgart k\u00f6nnen Sie die Arbeit des Vereins unterst\u00fctzen und dadurch anderen Menschen Freude schenken und &#8230; <a title=\"Schenkung\" class=\"read-more\" href=\"https:\/\/vereinigte-hilfen-stuttgart.de\/?page_id=216\" aria-label=\"Mehr Informationen \u00fcber Schenkung\">Weiterlesen<\/a><\/p>\n","protected":false},"author":1,"featured_media":0,"parent":220,"menu_order":2,"comment_status":"closed","ping_status":"closed","template":"","meta":{"footnotes":""},"class_list":["post-216","page","type-page","status-publish"],"_links":{"self":[{"href":"https:\/\/vereinigte-hilfen-stuttgart.de\/index.php?rest_route=\/wp\/v2\/pages\/216","targetHints":{"allow":["GET"]}}],"collection":[{"href":"https:\/\/vereinigte-hilfen-stuttgart.de\/index.php?rest_route=\/wp\/v2\/pages"}],"about":[{"href":"https:\/\/vereinigte-hilfen-stuttgart.de\/index.php?rest_route=\/wp\/v2\/types\/page"}],"author":[{"embeddable":true,"href":"https:\/\/vereinigte-hilfen-stuttgart.de\/index.php?rest_route=\/wp\/v2\/users\/1"}],"replies":[{"embeddable":true,"href":"https:\/\/vereinigte-hilfen-stuttgart.de\/index.php?rest_route=%2Fwp%2Fv2%2Fcomments&post=216"}],"version-history":[{"count":6,"href":"https:\/\/vereinigte-hilfen-stuttgart.de\/index.php?rest_route=\/wp\/v2\/pages\/216\/revisions"}],"predecessor-version":[{"id":348,"href":"https:\/\/vereinigte-hilfen-stuttgart.de\/index.php?rest_route=\/wp\/v2\/pages\/216\/revisions\/348"}],"up":[{"embeddable":true,"href":"https:\/\/vereinigte-hilfen-stuttgart.de\/index.php?rest_route=\/wp\/v2\/pages\/220"}],"wp:attachment":[{"href":"https:\/\/vereinigte-hilfen-stuttgart.de\/index.php?rest_route=%2Fwp%2Fv2%2Fmedia&parent=216"}],"curies":[{"name":"wp","href":"https:\/\/api.w.org\/{rel}","templated":true}]}}