{"id":76,"date":"2015-05-12T11:36:25","date_gmt":"2015-05-12T11:36:25","guid":{"rendered":"http:\/\/vereinigte-hilfen-stuttgart.de\/?page_id=76"},"modified":"2026-01-18T16:08:08","modified_gmt":"2026-01-18T15:08:08","slug":"die-vereinigten-hilfen","status":"publish","type":"page","link":"https:\/\/vereinigte-hilfen-stuttgart.de\/","title":{"rendered":"Vereinigte Hilfen"},"content":{"rendered":"\n<p class=\"has-text-align-center has-text-color\" style=\"color:#a32c00;font-size:30px\"><\/p>\n\n\n\n<p><\/p>\n\n\n<p style=\"text-align: center;\"><strong><a href=\"https:\/\/vereinigte-hilfen-stuttgart.de\/wp-content\/uploads\/2015\/05\/logoneu.gif\"><img loading=\"lazy\" decoding=\"async\" class=\" wp-image-249 alignleft\" src=\"https:\/\/vereinigte-hilfen-stuttgart.de\/wp-content\/uploads\/2015\/05\/logoneu.gif\" alt=\"logoneu\" width=\"86\" height=\"81\" \/><\/a><\/strong><strong>Vereinigte Hilfen Stuttgart\u00a0<\/strong><strong>\u00a0&#8211; \u00a0WIR F\u00dcR EUCH e.V. &#8211; \u00a0 \u00a0<\/strong>seit 1991<\/p>\n<p style=\"text-align: left;\">\u00a0 \u00a0 \u00a0<strong>\u00a0 \u00a0 \u00a0 \u00a0 \u00a0 \u00a0 \u00a0 \u00a0 \u00a0 \u00a0 \u00a0 \u00a0 \u00a0 \u00a0 \u00a0 \u00a0 \u00a0 \u00a0 \u00a0 \u00a0 \u00a0 \u00a0 \u00a0 \u00a0 \u00a0 \u00a0 \u00a0 \u00a0 \u00a0 \u00a0 \u00a0 \u00a0 \u00a0 \u00a0 \u00a0 \u00a0<\/strong><br \/><span style=\"color: #ff0000;\"><strong>\u00a0 \u00a0 \u00a0 \u00a0 \u00a0 \u00a0 \u00a0 \u00a0 \u00a0 \u00a0 \u00a0 \u00a0 \u00a0 \u00a0 \u00a0 \u00a0 \u00a0 \u00a0 \u00a0 \u00a0 \u00a0 \u00a0 \u00a0 \u00a0 \u00a0 \u00a0 \u00a0 \u00a0 \u00a0 \u00a0 \u00a0 \u00a0 \u00a0 \u00a0 \u00a0 \u00a0 \u00a0 \u00a0\u00a0<\/strong><\/span><\/p>\n<p style=\"text-align: center;\"><a href=\"https:\/\/vereinigte-hilfen-stuttgart.de\/wp-content\/uploads\/2016\/07\/Hildegard-f\u00fcr-Homepageneu2.jpg\"><img loading=\"lazy\" decoding=\"async\" class=\"alignright wp-image-519 \" src=\"https:\/\/vereinigte-hilfen-stuttgart.de\/wp-content\/uploads\/2016\/07\/Hildegard-f\u00fcr-Homepageneu2-244x300.jpg\" alt=\"\" width=\"197\" height=\"242\" srcset=\"https:\/\/vereinigte-hilfen-stuttgart.de\/wp-content\/uploads\/2016\/07\/Hildegard-f\u00fcr-Homepageneu2-244x300.jpg 244w, https:\/\/vereinigte-hilfen-stuttgart.de\/wp-content\/uploads\/2016\/07\/Hildegard-f\u00fcr-Homepageneu2-834x1024.jpg 834w, https:\/\/vereinigte-hilfen-stuttgart.de\/wp-content\/uploads\/2016\/07\/Hildegard-f\u00fcr-Homepageneu2.jpg 931w\" sizes=\"auto, (max-width: 197px) 100vw, 197px\" \/><\/a><\/p>\n<p><strong>\u00a0<\/strong>&#8222;Mich st\u00f6rte die B\u00fcrokratie&#8220;\u00a0sagt die Gr\u00fcnderin der Vereinigten Hilfen Stuttgart, Hildegard G\u00f6hrum, zu ihrer Initiative den\u00a0Verein\u00a0zu gr\u00fcnden.\u00a0\u00a0Die\u00a0nat\u00fcrlich\u00a0vorhandenen karitativen Tr\u00e4ger sozialer Einrichtungen mussten sich mit festgefahrenen Vorschriften befassen, Initiativen wurden sinnlos eingeengt. &#8222;Ich wollte freies Handeln erm\u00f6glichen und wollte beweisen, dass es auch einen anderen Weg gibt Menschen zu helfen\u00a0und Menschen zu finden, die mitwirken wollen.&#8220;<\/p>\n<p style=\"text-align: left;\">Die Vereinsarbeit l\u00e4uft unabh\u00e4ngig von politischen Genehmigungen, Vorschriften und \u00f6ffentlichen Geldern. &#8222;Nicht nach dem Staat fragen, sondern selbst t\u00e4tig sein&#8220;, das ist heute noch die Einstellung von Hildegard G\u00f6hrum und Ihrer Nachfolgerin Ulrike Wagner. Das Engagement beweist bis in die heutige Zeit, dass Optimismus,\u00a0Kraft und Fantasie, Flei\u00df und Zuverl\u00e4ssigkeit zum Erfolg f\u00fchren.<\/p>\n<p style=\"text-align: left;\"><a href=\"https:\/\/vereinigte-hilfen-stuttgart.de\/wp-content\/uploads\/2015\/04\/Ulrike-Wagner-1VS.jpg\"><img loading=\"lazy\" decoding=\"async\" class=\" size-medium wp-image-121 alignleft\" src=\"https:\/\/vereinigte-hilfen-stuttgart.de\/wp-content\/uploads\/2015\/04\/Ulrike-Wagner-1VS-173x300.jpg\" alt=\"Ulrike Wagner 1VS\" width=\"173\" height=\"300\" srcset=\"https:\/\/vereinigte-hilfen-stuttgart.de\/wp-content\/uploads\/2015\/04\/Ulrike-Wagner-1VS-173x300.jpg 173w, https:\/\/vereinigte-hilfen-stuttgart.de\/wp-content\/uploads\/2015\/04\/Ulrike-Wagner-1VS.jpg 260w\" sizes=\"auto, (max-width: 173px) 100vw, 173px\" \/><\/a>Wenn man anderen hilft tut man sich selbst auch etwas Gutes. Einer Studie zufolge verst\u00e4rkt ehrenamtliche Arbeit das Wohlbefinden in jeder Hinsicht. Man empfindet Gl\u00fcck, Zufriedenheit, Selbstvertrauen, Sicherheit, physische Gesundheit und Optimismus. <br \/>&#8222;Es gibt viele Menschen, ob jung oder alt, die ihre freie Zeit gewinnbringend zum Wohle unserer Gesellschaft einsetzen k\u00f6nnten. Es gibt andererseits alte und kranke Menschen, die auf deren Hilfe angewiesen sind.&#8220; Beide Gruppen m\u00f6chte Ulrike Wagner, 1.Vorsitzende der Vereinigte Hilfen Stuttgart, zusammenf\u00fchren. &#8222;Ich betrachte das auch weiterhin als eine wichtige Aufgabe und Herausforderung unserer Zeit&#8220;.<\/p>\n<p style=\"text-align: center;\">Unter einer einzigen Telefonnummer, n\u00e4mlich<br \/><strong style=\"text-align: center; line-height: 1.5;\">0711 818885 (werktags von 9:00 bis 13:00 Uhr),<br \/><\/strong>erhalten Sie umfassende Antworten!<br \/>Dies ist kurz und pr\u00e4gnant zusammengefasst der Sinn und Zweck der &#8222;Vereinigten Hilfen\u201c.<\/p>","protected":false},"excerpt":{"rendered":"<p>Vereinigte Hilfen Stuttgart\u00a0\u00a0&#8211; \u00a0WIR F\u00dcR EUCH e.V. &#8211; \u00a0 \u00a0seit 1991 \u00a0 \u00a0 \u00a0\u00a0 \u00a0 \u00a0 \u00a0 \u00a0 \u00a0 \u00a0 \u00a0 \u00a0 \u00a0 \u00a0 \u00a0 \u00a0 \u00a0 \u00a0 \u00a0 \u00a0 \u00a0 \u00a0 \u00a0 \u00a0 \u00a0 \u00a0 \u00a0 \u00a0 \u00a0 \u00a0 \u00a0 \u00a0 \u00a0 \u00a0 \u00a0 \u00a0 \u00a0 \u00a0 \u00a0\u00a0 \u00a0 \u00a0 \u00a0 \u00a0 \u00a0 \u00a0 &#8230; <a title=\"Vereinigte Hilfen\" class=\"read-more\" href=\"https:\/\/vereinigte-hilfen-stuttgart.de\/\" aria-label=\"Mehr Informationen \u00fcber Vereinigte Hilfen\">Weiterlesen<\/a><\/p>\n","protected":false},"author":1,"featured_media":0,"parent":0,"menu_order":0,"comment_status":"closed","ping_status":"closed","template":"","meta":{"footnotes":""},"class_list":["post-76","page","type-page","status-publish"],"_links":{"self":[{"href":"https:\/\/vereinigte-hilfen-stuttgart.de\/index.php?rest_route=\/wp\/v2\/pages\/76","targetHints":{"allow":["GET"]}}],"collection":[{"href":"https:\/\/vereinigte-hilfen-stuttgart.de\/index.php?rest_route=\/wp\/v2\/pages"}],"about":[{"href":"https:\/\/vereinigte-hilfen-stuttgart.de\/index.php?rest_route=\/wp\/v2\/types\/page"}],"author":[{"embeddable":true,"href":"https:\/\/vereinigte-hilfen-stuttgart.de\/index.php?rest_route=\/wp\/v2\/users\/1"}],"replies":[{"embeddable":true,"href":"https:\/\/vereinigte-hilfen-stuttgart.de\/index.php?rest_route=%2Fwp%2Fv2%2Fcomments&post=76"}],"version-history":[{"count":148,"href":"https:\/\/vereinigte-hilfen-stuttgart.de\/index.php?rest_route=\/wp\/v2\/pages\/76\/revisions"}],"predecessor-version":[{"id":1029,"href":"https:\/\/vereinigte-hilfen-stuttgart.de\/index.php?rest_route=\/wp\/v2\/pages\/76\/revisions\/1029"}],"wp:attachment":[{"href":"https:\/\/vereinigte-hilfen-stuttgart.de\/index.php?rest_route=%2Fwp%2Fv2%2Fmedia&parent=76"}],"curies":[{"name":"wp","href":"https:\/\/api.w.org\/{rel}","templated":true}]}}